{"id":1900,"date":"2024-08-01T18:02:48","date_gmt":"2024-08-01T16:02:48","guid":{"rendered":"https:\/\/www.jda2a.com\/?page_id=1900"},"modified":"2026-02-21T01:42:36","modified_gmt":"2026-02-21T00:42:36","slug":"test","status":"publish","type":"page","link":"https:\/\/www.jda2a.com\/","title":{"rendered":"Les amis de la JDA"},"content":{"rendered":"<p>[vc_row][vc_column][vc_empty_space][vc_column_text]<\/p>\r\n<p><img loading=\"lazy\" decoding=\"async\" class=\"wp-image-2256 size-medium aligncenter\" src=\"https:\/\/www.jda2a.com\/wp-content\/uploads\/2025\/04\/Logo-JDA2A-New-300x213.jpg\" alt=\"\" width=\"300\" height=\"213\" srcset=\"https:\/\/www.jda2a.com\/wp-content\/uploads\/2025\/04\/Logo-JDA2A-New-300x213.jpg 300w, https:\/\/www.jda2a.com\/wp-content\/uploads\/2025\/04\/Logo-JDA2A-New.jpg 504w\" sizes=\"auto, (max-width: 300px) 100vw, 300px\" \/><\/p>\r\n<h2 style=\"text-align: center;\">Cr\u00e9atrice de convivialit\u00e9<\/h2>\r\n<p>[\/vc_column_text][vc_column_text][\/vc_column_text][\/vc_column][\/vc_row][vc_row section_id=\u00a0\u00bbpresentation\u00a0\u00bb][vc_column width=\u00a0\u00bb1\/2&Prime;][vc_heading h_size=\u00a0\u00bbh-large\u00a0\u00bb title=\u00a0\u00bbPr\u00e9sentation de l&rsquo;association\u00a0\u00bb title_color=\u00a0\u00bb#ff6625&Prime; subtitle_color=\u00a0\u00bb#000000&Prime; divider=\u00a0\u00bbdiv-between\u00a0\u00bb divider_color=\u00a0\u00bb#999999&Prime;][vc_column_text]<\/p>\r\n<p><strong>L&rsquo;association JDA 2A \u00ab Les Amis de la JDA\u00a0\u00bb ( \u00e0 l&rsquo;origine les Anciens de la JDA ) a \u00e9t\u00e9 cr\u00e9\u00e9e le 6 juillet 2009, enregistr\u00e9e en pr\u00e9fecture de C\u00f4te d&rsquo;Or sous le N\u00b0 W212004744.\u00a0 Son but est de regrouper tous ceux qui ont fait la JDA de pr\u00e8s ou de loin, les joueurs, sponsors, supporters, responsables, b\u00e9n\u00e9voles et tous les passionn\u00e9s de la \u00ab\u00a0balle orange\u00a0\u00bb pour jouer les t\u00e9moins de son histoire et de son palmar\u00e8s depuis sa cr\u00e9ation.<\/strong><\/p>\r\n<p><strong><\/strong><\/p>\r\n<p><strong>Les membres de la JDA 2A se retrouvent r\u00e9guli\u00e8rement pour partager des moments de convivialit\u00e9 \u00e0 l&rsquo;occasion de voyages et de visites culturelles, d&rsquo;entreprises, de sponsors, de collectivit\u00e9s, sans oublier de garder le contact avec nos anciens qui ont \u0153uvr\u00e9 pour le Club. Fid\u00e8les \u00e0 l&rsquo;esprit sportif qui les anime, les membres de l&rsquo;Association contribuent par des actions ponctuelles au bien \u00eatre de notre grande famille la JDA Dijon Basket. ( Professionnels et Amateurs ).<\/strong><\/p>\r\n<p>[\/vc_column_text][vc_row_inner top=\u00a0\u00bb20px\u00a0\u00bb bottom=\u00a0\u00bb0px\u00a0\u00bb textalign=\u00a0\u00bbcenter\u00a0\u00bb][vc_column_inner width=\u00a0\u00bb2\/3&Prime;][vc_heading title=\u00a0\u00bbPartenaires majeurs de JDA 2A\u00a0\u00bb][vc_column_text]<\/p>\r\n<p style=\"text-align: center;\"><strong>Caisse d&rsquo;Epargne Bourgogne-Franche-Comt\u00e9<\/strong><\/p>\r\n\r\n<p style=\"text-align: left;\"><a href=\"https:\/\/www.caisse-epargne.fr\/bourgogne-franche-comte\/\"><img loading=\"lazy\" decoding=\"async\" class=\"size-full wp-image-2259 aligncenter\" src=\"https:\/\/www.jda2a.com\/wp-content\/uploads\/2025\/04\/CARRE_ECUREUIL_SPONSORING-150x150-1.png\" alt=\"\" width=\"150\" height=\"150\" \/><\/a><\/p>\r\n<p>[\/vc_column_text][vc_column_text]<\/p>\r\n<p><a href=\"https:\/\/fromagerie-delin.com\/\"><img loading=\"lazy\" decoding=\"async\" class=\"alignnone wp-image-2659 size-full\" src=\"https:\/\/www.jda2a.com\/wp-content\/uploads\/2025\/12\/Fromagerie-DELIN-Gilly-les-Citeaux-1.png\" alt=\"Fromagerie DELIN\" width=\"165\" height=\"138\" \/><\/a><\/p>\r\n<p>&nbsp;<\/p>\r\n<p>[\/vc_column_text][\/vc_column_inner][\/vc_row_inner][\/vc_column][vc_column width=\u00a0\u00bb1\/2&Prime;][vc_single_image image=\u00a0\u00bb1964&Prime; img_size=\u00a0\u00bbfull\u00a0\u00bb add_caption=\u00a0\u00bbyes\u00a0\u00bb style=\u00a0\u00bbvc_box_rounded\u00a0\u00bb onclick=\u00a0\u00bbzoom\u00a0\u00bb][vc_column_text]<\/p>\r\n<p style=\"text-align: left;\"><strong>Bureau de l&rsquo;association<\/strong><\/p>\r\n<p style=\"text-align: left;\"><strong>De gauche \u00e0 droite<\/strong><\/p>\r\n<p style=\"text-align: left;\"><strong>Dominique NOIROT &#8211; Tr\u00e9sorier | Brigitte CARPENTIER DELEUZE &#8211; Secr\u00e9taire | Henry BRIQUEZ &#8211; Pr\u00e9sident | Jean Fran\u00e7ois DESVIGNES &#8211; Vice-pr\u00e9sident |<\/strong><\/p>\r\n<p style=\"text-align: center;\"><\/p>\r\n<p>[\/vc_column_text][\/vc_column][\/vc_row][vc_row el_class=\u00a0\u00bblogo-history\u00a0\u00bb bg_color=\u00a0\u00bb#f2f2f2&Prime;][vc_column][vc_image_box image=\u00a0\u00bb2712&Prime; heading=\u00a0\u00bb1958&Prime;][vc_image_box image=\u00a0\u00bb2713&Prime; heading=\u00a0\u00bb1970&Prime;][vc_image_box image=\u00a0\u00bb2714&Prime; heading=\u00a0\u00bb1989&Prime;][vc_image_box image=\u00a0\u00bb2715&Prime; heading=\u00a0\u00bb1998&Prime;][vc_image_box image=\u00a0\u00bb2716&Prime; heading=\u00a0\u00bb2008&Prime;][vc_image_box image=\u00a0\u00bb2717&Prime; heading=\u00a0\u00bb2019&Prime;][vc_image_box image=\u00a0\u00bb2894&Prime; heading=\u00a0\u00bb2024&Prime;][\/vc_column][\/vc_row][vc_row section_id=\u00a0\u00bbcontact\u00a0\u00bb][vc_column width=\u00a0\u00bb1\/6&Prime;][\/vc_column][vc_column textalign=\u00a0\u00bbcenter\u00a0\u00bb width=\u00a0\u00bb2\/3&Prime;][vc_tabs tabs_align=\u00a0\u00bbtabs_center\u00a0\u00bb interval=\u00a0\u00bb0&Prime;][vc_tab type=\u00a0\u00bbfontawesome\u00a0\u00bb icon_fontawesome=\u00a0\u00bbfa fa-users\u00a0\u00bb title=\u00a0\u00bbNous rejoindre\u00a0\u00bb tab_id=\u00a0\u00bb1488873976-1-43&Prime;][vc_empty_space height=\u00a0\u00bb10px\u00a0\u00bb][vc_heading h_size=\u00a0\u00bbh-large\u00a0\u00bb title=\u00a0\u00bbPour nous rejoindre\u00a0\u00bb title_color=\u00a0\u00bb#ff6625&Prime; subtitle=\u00a0\u00bbAdh\u00e9sion : 25 euros (individuelle) ou 40 euros (couple)\u00a0\u00bb subtitle_color=\u00a0\u00bb#000000&Prime; divider=\u00a0\u00bbdiv-between\u00a0\u00bb divider_color=\u00a0\u00bb#999999&Prime;][vc_empty_space]\n<div class=\"wpcf7 no-js\" id=\"wpcf7-f1225-o1\" lang=\"fr-FR\" dir=\"ltr\" data-wpcf7-id=\"1225\">\n<div class=\"screen-reader-response\"><p role=\"status\" aria-live=\"polite\" aria-atomic=\"true\"><\/p> <ul><\/ul><\/div>\n<form action=\"\/index.php?rest_route=%2Fwp%2Fv2%2Fpages%2F1900#wpcf7-f1225-o1\" method=\"post\" class=\"wpcf7-form init\" aria-label=\"Formulaire de contact\" novalidate=\"novalidate\" data-status=\"init\">\n<fieldset class=\"hidden-fields-container\"><input type=\"hidden\" name=\"_wpcf7\" value=\"1225\" \/><input type=\"hidden\" name=\"_wpcf7_version\" value=\"6.1.5\" \/><input type=\"hidden\" name=\"_wpcf7_locale\" value=\"fr_FR\" \/><input type=\"hidden\" name=\"_wpcf7_unit_tag\" value=\"wpcf7-f1225-o1\" \/><input type=\"hidden\" name=\"_wpcf7_container_post\" value=\"0\" \/><input type=\"hidden\" name=\"_wpcf7_posted_data_hash\" value=\"\" \/>\n<\/fieldset>\n<p><label> Votre adresse de messagerie (obligatoire)<br \/>\n<span class=\"wpcf7-form-control-wrap\" data-name=\"your-email\"><input size=\"40\" maxlength=\"400\" class=\"wpcf7-form-control wpcf7-email wpcf7-validates-as-required wpcf7-text wpcf7-validates-as-email\" aria-required=\"true\" aria-invalid=\"false\" value=\"\" type=\"email\" name=\"your-email\" \/><\/span> <\/label>\n<\/p>\n<p><label> Nom pr\u00e9nom (obligatoire)<br \/>\n<span class=\"wpcf7-form-control-wrap\" data-name=\"your-subject\"><input size=\"40\" maxlength=\"400\" class=\"wpcf7-form-control wpcf7-text\" aria-invalid=\"false\" value=\"\" type=\"text\" name=\"your-subject\" \/><\/span> <\/label>\n<\/p>\n<p><label> Votre message (Indiquez votre adresse postale et votre num\u00e9ro de t\u00e9l\u00e9phone)<br \/>\n<span class=\"wpcf7-form-control-wrap\" data-name=\"your-message\"><textarea cols=\"40\" rows=\"10\" maxlength=\"2000\" class=\"wpcf7-form-control wpcf7-textarea\" aria-invalid=\"false\" name=\"your-message\"><\/textarea><\/span> <\/label>\n<\/p>\n<p><input class=\"wpcf7-form-control wpcf7-submit has-spinner\" type=\"submit\" value=\"Envoyer\" \/>\n<\/p><div class=\"wpcf7-response-output\" aria-hidden=\"true\"><\/div>\n<\/form>\n<\/div>\n[\/vc_tab][vc_tab type=\u00a0\u00bbfontawesome\u00a0\u00bb icon_fontawesome=\u00a0\u00bbfa fa-envelope-o\u00a0\u00bb title=\u00a0\u00bbNous contacter\u00a0\u00bb tab_id=\u00a0\u00bb1488874284637-2-1&Prime;][vc_empty_space height=\u00a0\u00bb10px\u00a0\u00bb][vc_heading h_size=\u00a0\u00bbh-large\u00a0\u00bb title=\u00a0\u00bbPour nous contacter\u00a0\u00bb title_color=\u00a0\u00bb#ff6625&Prime; subtitle=\u00a0\u00bb06 77 54 09 17 \/ 06 21 01 66 59&Prime; subtitle_color=\u00a0\u00bb#000000&Prime; divider=\u00a0\u00bbdiv-between\u00a0\u00bb divider_color=\u00a0\u00bb#999999&Prime;][vc_empty_space]\n<div class=\"wpcf7 no-js\" id=\"wpcf7-f2247-o2\" lang=\"fr-FR\" dir=\"ltr\" data-wpcf7-id=\"2247\">\n<div class=\"screen-reader-response\"><p role=\"status\" aria-live=\"polite\" aria-atomic=\"true\"><\/p> <ul><\/ul><\/div>\n<form action=\"\/index.php?rest_route=%2Fwp%2Fv2%2Fpages%2F1900#wpcf7-f2247-o2\" method=\"post\" class=\"wpcf7-form init\" aria-label=\"Formulaire de contact\" novalidate=\"novalidate\" data-status=\"init\">\n<fieldset class=\"hidden-fields-container\"><input type=\"hidden\" name=\"_wpcf7\" value=\"2247\" \/><input type=\"hidden\" name=\"_wpcf7_version\" value=\"6.1.5\" \/><input type=\"hidden\" name=\"_wpcf7_locale\" value=\"fr_FR\" \/><input type=\"hidden\" name=\"_wpcf7_unit_tag\" value=\"wpcf7-f2247-o2\" \/><input type=\"hidden\" name=\"_wpcf7_container_post\" value=\"0\" \/><input type=\"hidden\" name=\"_wpcf7_posted_data_hash\" value=\"\" \/>\n<\/fieldset>\n<p><label> Votre adresse de messagerie (obligatoire)<br \/>\n<span class=\"wpcf7-form-control-wrap\" data-name=\"your-email\"><input size=\"40\" maxlength=\"400\" class=\"wpcf7-form-control wpcf7-email wpcf7-validates-as-required wpcf7-text wpcf7-validates-as-email\" aria-required=\"true\" aria-invalid=\"false\" value=\"\" type=\"email\" name=\"your-email\" \/><\/span> <\/label>\n<\/p>\n<p><label> Nom pr\u00e9nom (obligatoire)<br \/>\n<span class=\"wpcf7-form-control-wrap\" data-name=\"your-subject\"><input size=\"40\" maxlength=\"400\" class=\"wpcf7-form-control wpcf7-text\" aria-invalid=\"false\" value=\"\" type=\"text\" name=\"your-subject\" \/><\/span> <\/label>\n<\/p>\n<p><label> Votre message<br \/>\n<span class=\"wpcf7-form-control-wrap\" data-name=\"your-message\"><textarea cols=\"40\" rows=\"10\" maxlength=\"2000\" class=\"wpcf7-form-control wpcf7-textarea\" aria-invalid=\"false\" name=\"your-message\"><\/textarea><\/span> <\/label>\n<\/p>\n<p><input class=\"wpcf7-form-control wpcf7-submit has-spinner\" type=\"submit\" value=\"Envoyer\" \/>\n<\/p><div class=\"wpcf7-response-output\" aria-hidden=\"true\"><\/div>\n<\/form>\n<\/div>\n[\/vc_tab][\/vc_tabs][\/vc_column][vc_column width=\u00a0\u00bb1\/6&Prime;][\/vc_column][\/vc_row]<\/p>","protected":false},"excerpt":{"rendered":"<p>[vc_row][vc_column][vc_empty_space][vc_column_text] Cr\u00e9atrice de convivialit\u00e9 [\/vc_column_text][vc_column_text][\/vc_column_text][\/vc_column][\/vc_row][vc_row section_id=\u00a0\u00bbpresentation\u00a0\u00bb][vc_column width=\u00a0\u00bb1\/2&Prime;][vc_heading h_size=\u00a0\u00bbh-large\u00a0\u00bb title=\u00a0\u00bbPr\u00e9sentation de l&rsquo;association\u00a0\u00bb title_color=\u00a0\u00bb#ff6625&Prime; subtitle_color=\u00a0\u00bb#000000&Prime; divider=\u00a0\u00bbdiv-between\u00a0\u00bb divider_color=\u00a0\u00bb#999999&Prime;][vc_column_text] L&rsquo;association JDA 2A \u00ab Les Amis de la JDA\u00a0\u00bb ( \u00e0 l&rsquo;origine les Anciens de la JDA ) a \u00e9t\u00e9 cr\u00e9\u00e9e le 6 juillet 2009, enregistr\u00e9e en pr\u00e9fecture de C\u00f4te d&rsquo;Or sous le N\u00b0 W212004744.\u00a0 Son but est de regrouper tous ceux qui ont fait la JDA de pr\u00e8s ou de loin, les joueurs, sponsors, supporters, responsables, b\u00e9n\u00e9voles et tous&#8230;  <\/p>\n<div class=\"read-more\"><a class=\"excerpt-read-more\" href=\"https:\/\/www.jda2a.com\/\" title=\"Continue reading Les amis de la JDA\">Lire la suite<i class=\"fa fa-angle-right\"><\/i><\/a><\/div>\n","protected":false},"author":1,"featured_media":2359,"parent":0,"menu_order":0,"comment_status":"closed","ping_status":"closed","template":"","meta":{"iawp_total_views":240,"footnotes":""},"class_list":["post-1900","page","type-page","status-publish","has-post-thumbnail","hentry"],"_links":{"self":[{"href":"https:\/\/www.jda2a.com\/index.php?rest_route=\/wp\/v2\/pages\/1900","targetHints":{"allow":["GET"]}}],"collection":[{"href":"https:\/\/www.jda2a.com\/index.php?rest_route=\/wp\/v2\/pages"}],"about":[{"href":"https:\/\/www.jda2a.com\/index.php?rest_route=\/wp\/v2\/types\/page"}],"author":[{"embeddable":true,"href":"https:\/\/www.jda2a.com\/index.php?rest_route=\/wp\/v2\/users\/1"}],"replies":[{"embeddable":true,"href":"https:\/\/www.jda2a.com\/index.php?rest_route=%2Fwp%2Fv2%2Fcomments&post=1900"}],"version-history":[{"count":87,"href":"https:\/\/www.jda2a.com\/index.php?rest_route=\/wp\/v2\/pages\/1900\/revisions"}],"predecessor-version":[{"id":2904,"href":"https:\/\/www.jda2a.com\/index.php?rest_route=\/wp\/v2\/pages\/1900\/revisions\/2904"}],"wp:featuredmedia":[{"embeddable":true,"href":"https:\/\/www.jda2a.com\/index.php?rest_route=\/wp\/v2\/media\/2359"}],"wp:attachment":[{"href":"https:\/\/www.jda2a.com\/index.php?rest_route=%2Fwp%2Fv2%2Fmedia&parent=1900"}],"curies":[{"name":"wp","href":"https:\/\/api.w.org\/{rel}","templated":true}]}}